{"id":573,"date":"2022-08-05T07:55:36","date_gmt":"2022-08-05T07:55:36","guid":{"rendered":"https:\/\/evolutio-ci.com\/?page_id=573"},"modified":"2024-02-09T10:27:29","modified_gmt":"2024-02-09T10:27:29","slug":"bases-del-asesoramiento","status":"publish","type":"page","link":"https:\/\/evolutio-ci.com\/index.php\/bases-del-asesoramiento\/","title":{"rendered":"Bases del asesoramiento"},"content":{"rendered":"<p>[et_pb_section fb_built=\u00bb1&#8243; admin_label=\u00bbfondo principal con asesor\u00bb _builder_version=\u00bb4.17.3&#8243; _module_preset=\u00bbdefault\u00bb use_background_color_gradient=\u00bbon\u00bb background_color_gradient_stops=\u00bbrgba(15,17,84,0) 49%|#d6d6d6 100%\u00bb background_color_gradient_overlays_image=\u00bbon\u00bb background_image=\u00bbhttp:\/\/evolutio-ci.com\/wp-content\/uploads\/2022\/05\/financial-advisor-07.jpg\u00bb min_height=\u00bb334.7px\u00bb custom_padding=\u00bb10%||0px||false|false\u00bb locked=\u00bboff\u00bb collapsed=\u00bboff\u00bb global_colors_info=\u00bb{}\u00bb][et_pb_row _builder_version=\u00bb4.16.0&#8243; _module_preset=\u00bbdefault\u00bb global_colors_info=\u00bb{}\u00bb][et_pb_column type=\u00bb4_4&#8243; _builder_version=\u00bb4.16.0&#8243; _module_preset=\u00bbdefault\u00bb global_colors_info=\u00bb{}\u00bb][et_pb_text admin_label=\u00bbEvolutio capital\u00bb _builder_version=\u00bb4.17.3&#8243; _module_preset=\u00bbdefault\u00bb header_font=\u00bbMontserrat|700|||||||\u00bb header_text_color=\u00bb#FFFFFF\u00bb header_font_size=\u00bb125px\u00bb header_line_height=\u00bb110%\u00bb text_font_size_tablet=\u00bb\u00bb text_font_size_phone=\u00bb14px\u00bb text_font_size_last_edited=\u00bbon|phone\u00bb header_font_size_tablet=\u00bb40px\u00bb header_font_size_phone=\u00bb24px\u00bb header_font_size_last_edited=\u00bbon|tablet\u00bb header_2_font_size_tablet=\u00bb30px\u00bb header_2_font_size_phone=\u00bb20px\u00bb header_2_font_size_last_edited=\u00bboff|desktop\u00bb global_colors_info=\u00bb{}\u00bb]<\/p>\n<h2 style=\"text-align: left;\"><span style=\"color: #ffffff;\"><strong>evolutio capital investment<\/strong><\/span><\/h2>\n<p>[\/et_pb_text][et_pb_text admin_label=\u00bbanalisis y asesoramiento\u00bb _builder_version=\u00bb4.17.3&#8243; _module_preset=\u00bbdefault\u00bb header_font=\u00bbMontserrat|700|||||||\u00bb header_text_color=\u00bb#FFFFFF\u00bb header_font_size=\u00bb125px\u00bb header_line_height=\u00bb110%\u00bb custom_margin=\u00bb-29px|||||\u00bb text_font_size_tablet=\u00bb\u00bb text_font_size_phone=\u00bb14px\u00bb text_font_size_last_edited=\u00bbon|phone\u00bb header_font_size_tablet=\u00bb40px\u00bb header_font_size_phone=\u00bb24px\u00bb header_font_size_last_edited=\u00bbon|tablet\u00bb header_2_font_size_tablet=\u00bb30px\u00bb header_2_font_size_phone=\u00bb20px\u00bb header_2_font_size_last_edited=\u00bboff|desktop\u00bb global_colors_info=\u00bb{}\u00bb]<\/p>\n<p style=\"text-align: left;\"><span style=\"color: #ffffff;\"><strong>An\u00e1lisis y asesoramiento sobre los mercados financieros<\/strong><\/span><\/p>\n<p>[\/et_pb_text][\/et_pb_column][\/et_pb_row][et_pb_row _builder_version=\u00bb4.16.0&#8243; _module_preset=\u00bbdefault\u00bb min_height=\u00bb241.3px\u00bb custom_padding=\u00bb||0px|||\u00bb global_colors_info=\u00bb{}\u00bb][et_pb_column type=\u00bb4_4&#8243; _builder_version=\u00bb4.16.0&#8243; _module_preset=\u00bbdefault\u00bb global_colors_info=\u00bb{}\u00bb][et_pb_text admin_label=\u00bbTexto inicial\u00bb _builder_version=\u00bb4.17.3&#8243; _module_preset=\u00bbdefault\u00bb header_font=\u00bbMontserrat|700|||||||\u00bb header_text_color=\u00bb#FFFFFF\u00bb header_font_size=\u00bb125px\u00bb header_line_height=\u00bb110%\u00bb custom_margin=\u00bb||12px|||\u00bb custom_padding=\u00bb||0px|||\u00bb text_font_size_tablet=\u00bb\u00bb text_font_size_phone=\u00bb14px\u00bb text_font_size_last_edited=\u00bbon|phone\u00bb header_font_size_tablet=\u00bb40px\u00bb header_font_size_phone=\u00bb24px\u00bb header_font_size_last_edited=\u00bbon|tablet\u00bb header_2_font_size_tablet=\u00bb30px\u00bb header_2_font_size_phone=\u00bb20px\u00bb header_2_font_size_last_edited=\u00bboff|desktop\u00bb global_colors_info=\u00bb{}\u00bb]<\/p>\n<h3 style=\"text-align: left;\"><\/h3>\n<h3><span style=\"color: #ffffff;\"><\/span><\/h3>\n<p><span style=\"color: #ffffff;\">El servicio parte de la creaci\u00f3n de carteras de inversi\u00f3n a medida seg\u00fan el tipo de inversor, intereses del cliente y momentum. A trav\u00e9s de los diferentes activos que se determinen. Lo m\u00e1s importante no es la creaci\u00f3n inicial de estas, sino la adaptaci\u00f3n de las carteras a los movimientos de los mercados y ciclos financieros y a la continua comunicaci\u00f3n bidireccional entre inversor y asesor. Con una orientaci\u00f3n de medio plazo.<\/span><\/p>\n<p>[\/et_pb_text][et_pb_button button_url=\u00bbhttps:\/\/www.linkedin.com\/company\/evolutio-capital-investment\/\u00bb url_new_window=\u00bbon\u00bb button_text=\u00bblinkedIn\u00bb admin_label=\u00bbBot\u00f3n linkedin\u00bb _builder_version=\u00bb4.17.3&#8243; _module_preset=\u00bbdefault\u00bb custom_button=\u00bbon\u00bb button_text_size=\u00bb12px\u00bb button_text_color=\u00bb#FFFFFF\u00bb button_bg_color=\u00bb#1D4EFF\u00bb button_border_width=\u00bb0px\u00bb button_border_radius=\u00bb0px\u00bb button_font=\u00bbRoboto|500|||||||\u00bb button_use_icon=\u00bboff\u00bb custom_padding=\u00bb14px|24px|14px|24px|true|true\u00bb button_text_size_tablet=\u00bb\u00bb button_text_size_phone=\u00bb9px\u00bb button_text_size_last_edited=\u00bbon|phone\u00bb global_colors_info=\u00bb{}\u00bb][\/et_pb_button][\/et_pb_column][\/et_pb_row][\/et_pb_section][et_pb_section fb_built=\u00bb1&#8243; custom_padding_last_edited=\u00bbon|phone\u00bb admin_label=\u00bbfondo secundario azul\u00bb _builder_version=\u00bb4.17.3&#8243; _module_preset=\u00bbdefault\u00bb background_color=\u00bb#8F8F8F\u00bb use_background_color_gradient=\u00bbon\u00bb background_color_gradient_stops=\u00bb#d6d6d6 0%|#b3b3b3 99%\u00bb min_height=\u00bb702.6px\u00bb custom_margin=\u00bb-9px|||||\u00bb custom_padding=\u00bb33px|||||\u00bb custom_padding_tablet=\u00bb\u00bb custom_padding_phone=\u00bb0px||||false|false\u00bb collapsed=\u00bboff\u00bb global_colors_info=\u00bb{}\u00bb][et_pb_row _builder_version=\u00bb4.16.0&#8243; _module_preset=\u00bbdefault\u00bb global_colors_info=\u00bb{}\u00bb][et_pb_column type=\u00bb4_4&#8243; _builder_version=\u00bb4.16.0&#8243; _module_preset=\u00bbdefault\u00bb global_colors_info=\u00bb{}\u00bb][et_pb_text admin_label=\u00bbServicios y an\u00e1lisis\u00bb _builder_version=\u00bb4.17.3&#8243; _module_preset=\u00bbdefault\u00bb header_4_font=\u00bbMontserrat|700|||||||\u00bb header_4_text_color=\u00bb#FFFFFF\u00bb header_4_font_size=\u00bb28px\u00bb header_4_line_height=\u00bb1.6em\u00bb min_height=\u00bb121.4px\u00bb custom_margin=\u00bb||0px||false|false\u00bb custom_padding=\u00bb||32px|||\u00bb header_4_font_size_tablet=\u00bb22px\u00bb header_4_font_size_phone=\u00bb16px\u00bb header_4_font_size_last_edited=\u00bbon|phone\u00bb global_colors_info=\u00bb{}\u00bb]<\/p>\n<h5><span style=\"color: #ffffff;\"><strong>Servicio y an\u00e1lisis<\/strong><\/span><\/h5>\n<p><span style=\"color: #ffffff;\"><strong><\/strong><\/span><\/p>\n<p><span style=\"color: #ffffff;\"><strong><\/strong><\/span><\/p>\n<p style=\"text-align: left;\"><span style=\"color: #ffffff;\">El trabajo de evolutio se inicia con la \u00a0identificaci\u00f3n de la zona del ciclo financiero y econ\u00f3mico en el que se encuentran las diferentes zonas geogr\u00e1ficas. A trav\u00e9s de la monitorizaci\u00f3n diaria de los datos macroecon\u00f3micos que van presentando y de las ganancias corporativas, junto con las previsiones de sus directivos. Esto nos ofrece una foto actualizada y un modelo de estimaciones futuras a medio y largo plazo.<\/span><\/p>\n<p style=\"text-align: left;\"><span style=\"color: #ffffff;\">Una vez identificado el ciclo actual y su previsi\u00f3n para los pr\u00f3ximos meses, se analizan los diferentes sectores. As\u00ed, se observan las tendencias, tanto positivas, como las negativas, y sobre todo aquellos nichos infravalorados.<\/span><\/p>\n<p style=\"text-align: left;\"><span style=\"color: #ffffff;\">En determinadas ocasiones se analizan al detalle compa\u00f1\u00edas representativas de un determinado sector para confirmar o desechar la tendencia de este.<\/span><\/p>\n<p style=\"text-align: left;\"><span style=\"color: #ffffff;\">De este modo, se emiten recomendaciones sectoriales, por pa\u00edses o zonas geogr\u00e1ficas. Que se instrumentalizan a trav\u00e9s de los activos que m\u00e1s interesen.<\/span><\/p>\n<p>[\/et_pb_text][et_pb_text admin_label=\u00bbEfecto manada\u00bb _builder_version=\u00bb4.17.3&#8243; _module_preset=\u00bbdefault\u00bb header_4_font=\u00bbMontserrat|700|||||||\u00bb header_4_text_color=\u00bb#FFFFFF\u00bb header_4_font_size=\u00bb28px\u00bb header_4_line_height=\u00bb1.6em\u00bb min_height=\u00bb121.4px\u00bb custom_margin=\u00bb||0px||false|false\u00bb header_4_font_size_tablet=\u00bb22px\u00bb header_4_font_size_phone=\u00bb16px\u00bb header_4_font_size_last_edited=\u00bbon|phone\u00bb global_colors_info=\u00bb{}\u00bb]<\/p>\n<h5><span style=\"color: #ffffff;\"><strong>Evitar el efecto reba\u00f1o<\/strong><\/span><\/h5>\n<h3><span style=\"color: #ffffff;\"><\/span><\/h3>\n<p><span style=\"color: #ffffff;\">No se analizan los informes de otros analistas, ni se tienen en cuenta sus perspectivas. Se llevan a cabo las inversiones que salen de los propios an\u00e1lisis. As\u00ed las recomendaciones ofrecen independencia y est\u00e1n filtradas del ruido medi\u00e1tico.<\/span><\/p>\n<p>[\/et_pb_text][et_pb_button button_url=\u00bbhttps:\/\/evolutio-ci.com\/index.php\/informes-y-notas\/\u00bb url_new_window=\u00bbon\u00bb button_text=\u00bbSaber m\u00e1s&#8230;\u00bb button_alignment=\u00bbcenter\u00bb admin_label=\u00bbBot\u00f3n informes\u00bb _builder_version=\u00bb4.17.3&#8243; _module_preset=\u00bbdefault\u00bb custom_button=\u00bbon\u00bb button_text_size=\u00bb11px\u00bb button_text_color=\u00bb#FFFFFF\u00bb button_bg_color=\u00bb#00457A\u00bb button_border_width=\u00bb0px\u00bb button_border_radius=\u00bb42px\u00bb button_font=\u00bbRoboto|500|||||||\u00bb button_icon=\u00bb&#x3d;||divi||400&#8243; button_icon_placement=\u00bbleft\u00bb custom_margin=\u00bb||23px|||\u00bb custom_padding=\u00bb14px|24px|14px|24px|true|true\u00bb button_text_size_tablet=\u00bb\u00bb button_text_size_phone=\u00bb9px\u00bb button_text_size_last_edited=\u00bbon|phone\u00bb global_colors_info=\u00bb{}\u00bb][\/et_pb_button][et_pb_button button_url=\u00bbhttps:\/\/evolutio-ci.com\/index.php\/servicios-2\/\u00bb url_new_window=\u00bbon\u00bb button_text=\u00bbServicios\u00bb button_alignment=\u00bbcenter\u00bb admin_label=\u00bbBot\u00f3n servicios\u00bb _builder_version=\u00bb4.17.3&#8243; _module_preset=\u00bbdefault\u00bb custom_button=\u00bbon\u00bb button_text_size=\u00bb13px\u00bb button_text_color=\u00bb#FFFFFF\u00bb button_bg_color=\u00bb#00457A\u00bb button_border_width=\u00bb0px\u00bb button_border_radius=\u00bb42px\u00bb button_font=\u00bbRoboto|500|||||||\u00bb button_icon=\u00bb&#x3d;||divi||400&#8243; button_icon_placement=\u00bbleft\u00bb custom_margin=\u00bb||47px|||\u00bb custom_padding=\u00bb14px|24px|14px|24px|true|true\u00bb button_text_size_tablet=\u00bb\u00bb button_text_size_phone=\u00bb10px\u00bb button_text_size_last_edited=\u00bbon|phone\u00bb global_colors_info=\u00bb{}\u00bb][\/et_pb_button][\/et_pb_column][\/et_pb_row][\/et_pb_section]<\/p>\n","protected":false},"excerpt":{"rendered":"<p>evolutio capital investmentAn\u00e1lisis y asesoramiento sobre los mercados financieros El servicio parte de la creaci\u00f3n de carteras de inversi\u00f3n a medida seg\u00fan el tipo de inversor, intereses del cliente y momentum. A trav\u00e9s de los diferentes activos que se determinen. Lo m\u00e1s importante no es la creaci\u00f3n inicial de estas, sino la adaptaci\u00f3n de las [&hellip;]<\/p>\n","protected":false},"author":1,"featured_media":0,"parent":0,"menu_order":0,"comment_status":"closed","ping_status":"closed","template":"","meta":{"_et_pb_use_builder":"on","_et_pb_old_content":"","_et_gb_content_width":"","om_disable_all_campaigns":false,"_monsterinsights_skip_tracking":false,"_monsterinsights_sitenote_active":false,"_monsterinsights_sitenote_note":"","_monsterinsights_sitenote_category":0,"footnotes":""},"class_list":["post-573","page","type-page","status-publish","hentry"],"aioseo_notices":[],"_links":{"self":[{"href":"https:\/\/evolutio-ci.com\/index.php\/wp-json\/wp\/v2\/pages\/573","targetHints":{"allow":["GET"]}}],"collection":[{"href":"https:\/\/evolutio-ci.com\/index.php\/wp-json\/wp\/v2\/pages"}],"about":[{"href":"https:\/\/evolutio-ci.com\/index.php\/wp-json\/wp\/v2\/types\/page"}],"author":[{"embeddable":true,"href":"https:\/\/evolutio-ci.com\/index.php\/wp-json\/wp\/v2\/users\/1"}],"replies":[{"embeddable":true,"href":"https:\/\/evolutio-ci.com\/index.php\/wp-json\/wp\/v2\/comments?post=573"}],"version-history":[{"count":31,"href":"https:\/\/evolutio-ci.com\/index.php\/wp-json\/wp\/v2\/pages\/573\/revisions"}],"predecessor-version":[{"id":1149,"href":"https:\/\/evolutio-ci.com\/index.php\/wp-json\/wp\/v2\/pages\/573\/revisions\/1149"}],"wp:attachment":[{"href":"https:\/\/evolutio-ci.com\/index.php\/wp-json\/wp\/v2\/media?parent=573"}],"curies":[{"name":"wp","href":"https:\/\/api.w.org\/{rel}","templated":true}]}}