{"id":466,"date":"2022-08-03T19:57:14","date_gmt":"2022-08-03T19:57:14","guid":{"rendered":"https:\/\/evolutio-ci.com\/?page_id=466"},"modified":"2022-08-06T20:03:37","modified_gmt":"2022-08-06T20:03:37","slug":"politica-de-privacidad","status":"publish","type":"page","link":"https:\/\/evolutio-ci.com\/index.php\/politica-de-privacidad\/","title":{"rendered":"Politica de privacidad"},"content":{"rendered":"<p>[et_pb_section fb_built=\u00bb1&#8243; theme_builder_area=\u00bbpost_content\u00bb _builder_version=\u00bb4.17.3&#8243; _module_preset=\u00bbdefault\u00bb][et_pb_row _builder_version=\u00bb4.17.3&#8243; _module_preset=\u00bbdefault\u00bb theme_builder_area=\u00bbpost_content\u00bb][et_pb_column _builder_version=\u00bb4.17.3&#8243; _module_preset=\u00bbdefault\u00bb type=\u00bb4_4&#8243; theme_builder_area=\u00bbpost_content\u00bb][et_pb_text _builder_version=\u00bb4.17.3&#8243; _module_preset=\u00bbdefault\u00bb theme_builder_area=\u00bbpost_content\u00bb hover_enabled=\u00bb0&#8243; sticky_enabled=\u00bb0&#8243;]<\/p>\n<p><strong>IDENTIFICACI\u00d3N Y DATOS DE CONTACTO DEL RESPONSABLE<\/strong><\/p>\n<p>Evolutio Capital Investment, S.L. sociedad domiciliada en la Calle Azofra, 28050 de Madrid, con CIF B 88341797, (en adelante, \u201c<strong>Evolutio CI<\/strong>\u201d o la \u201c<strong>Sociedad<\/strong>\u201d) es la responsable del tratamiento de sus datos personales. En la presente pol\u00edtica de privacidad se facilita la informaci\u00f3n sobre el uso que realizar\u00e1 la Sociedad de sus datos personales en su condici\u00f3n de usuario de la web (la \u00ab<strong>Web<\/strong>\u00ab).<\/p>\n<p>La presente Pol\u00edtica de Privacidad tiene por objeto facilitar informaci\u00f3n sobre los derechos que le asisten en virtud del Reglamento General de Protecci\u00f3n de Datos (\u201c<strong>RGPD<\/strong>\u201d). Si tiene cualquier duda relativa al tratamiento de sus datos personales, contacte con la Sociedad en la siguiente direcci\u00f3n datos@evolutio-ci.com<\/p>\n<p><strong>INFORMACI\u00d3N NECESARIA Y ACTUALIZADA<\/strong><\/p>\n<p>Todos los campos que aparezcan se\u00f1alados con un asterisco (*) en los formularios de la Web ser\u00e1n de obligada cumplimentaci\u00f3n, de tal modo que la omisi\u00f3n de alguno de ellos podr\u00eda comportar la imposibilidad de que se le puedan facilitar los servicios o informaci\u00f3n solicitados.<\/p>\n<p>Deber\u00e1 proporcionar informaci\u00f3n ver\u00eddica, para que la informaci\u00f3n facilitada est\u00e9 siempre actualizada y no contenga errores, deber\u00e1 comunicar a la Sociedad a la mayor brevedad posible, las modificaciones y rectificaciones de sus datos de car\u00e1cter personal que se vayan produciendo a trav\u00e9s de un correo electr\u00f3nico a la direcci\u00f3n:\u00a0datos@evolutio-ci.com<\/p>\n<p>Asimismo, al hacer \u201cclick\u201d en el bot\u00f3n \u201cEnviar\u201d (o equivalente) incorporado en los citados formularios, declara que la informaci\u00f3n y los datos que en ellos ha facilitado son exactos y veraces.<\/p>\n<p><strong>INFORMACI\u00d3N GENERAL: DESCRIPCI\u00d3N DE LA INFORMACI\u00d3N CONTENIDA EN LA POL\u00cdTICA DE PRIVACIDAD<\/strong><\/p>\n<p>En la presente pol\u00edtica de privacidad encontrar\u00e1 una tabla identificando, por cada uno de los diferentes tratamientos de datos realizados por la Sociedad, la siguiente informaci\u00f3n:<\/p>\n<ol>\n<li>Las finalidades del tratamiento de sus datos personales, esto es, el motivo por el cual la Sociedad trata sus datos personales.<\/li>\n<li>Las bases legales que permiten el tratamiento de sus datos por parte de la Sociedad para cada una de las finalidades indicadas.<\/li>\n<li>La posible comunicaci\u00f3n de sus datos a terceros, as\u00ed como la causa de dicha comunicaci\u00f3n. A estos efectos, le informamos de que no se ceden sus datos personales a terceros salvo que exista una obligaci\u00f3n legal. Por otra parte, podr\u00e1n tener acceso a sus datos personales le encargado del tratamiento de la Sociedad, es decir, el prestador de servicios que tengan que acceder a sus datos personales para el desarrollo de sus funciones.<\/li>\n<li>El plazo de conservaci\u00f3n de los datos que nos facilite. Asimismo, se informa de que sus datos permanecer\u00e1n bloqueados para la atenci\u00f3n de reclamaciones judiciales, administrativas o fiscales, durante los plazos que resulten de la legislaci\u00f3n aplicable.<\/li>\n<\/ol>\n<p><strong>EJERCICIO DE SUS DERECHOS<\/strong><\/p>\n<p>Le informamos de que podr\u00e1 ejercer los siguientes derechos:<\/p>\n<ol>\n<li>Derecho de acceso a sus datos personales para saber cu\u00e1les est\u00e1n siendo objeto de tratamiento y las operaciones de tratamiento llevadas a cabo con ellos.<\/li>\n<li>Derecho de rectificaci\u00f3n de cualquier dato personal inexacto.<\/li>\n<li>Derecho de supresi\u00f3n de sus datos personales, cuando esto sea posible.<\/li>\n<li>Derecho a solicitar la limitaci\u00f3n del tratamiento de sus datos personales cuando la exactitud, la legalidad o la necesidad del tratamiento de los datos resulte dudosa, en cuyo caso, podremos conservarlos para el ejercicio o la defensa de reclamaciones.<\/li>\n<li>Derecho a la portabilidad de sus datos personales, cuando la base legal que nos habilite para su tratamiento sea la relaci\u00f3n contractual o el consentimiento.<\/li>\n<li>Derecho de oposici\u00f3n al tratamiento de sus datos personales, cuando la base legal\u00a0 habilite para su tratamiento sea el inter\u00e9s leg\u00edtimo. A estos efectos, se dejar\u00e1 de tratar sus datos salvo que se tenga un inter\u00e9s leg\u00edtimo imperioso o para la formulaci\u00f3n, el ejercicio o la defensa de reclamaciones.<\/li>\n<li>Derecho a revocar su consentimiento en cualquier momento.<\/li>\n<\/ol>\n<p>Podr\u00e1 ejercitar sus derechos en cualquier momento y de forma gratuita dirigiendo un correo electr\u00f3nico a\u00a0datos@evolutio-ci.com indicando el derecho que desea ejercitar y sus datos identificativos.<\/p>\n<p>Si considera que no se han tratado sus datos personales adecuadamente puede contactar a datos@evolutio-ci.com. No obstante, se informa de que tiene derecho a presentar una reclamaci\u00f3n ante la Agencia Espa\u00f1ola de Protecci\u00f3n de Datos si considera que se ha cometido una infracci\u00f3n de la legislaci\u00f3n en materia de protecci\u00f3n de datos respecto al tratamiento de sus datos personales.<\/p>\n<p><strong>COOKIES<\/strong><\/p>\n<p>Evolutio CI \u00fanicamente utilizar\u00e1 dispositivos de almacenamiento y recuperaci\u00f3n de datos (&#8216;Cookies&#8217;) cuando el usuario haya dado su consentimiento previo para ello de acuerdo con lo que se indica en la ventana emergente del navegador del usuario cuando accede por primera vez a la Web y en los dem\u00e1s t\u00e9rminos y condiciones que se indican en el apartado Pol\u00edtica de Cookies de Evolutio CI que todo usuario debe conocer.<\/p>\n<p><strong>MEDIDAS DE SEGURIDAD<\/strong><\/p>\n<p>Evolutio CI adopta los niveles de seguridad requeridos por el RGPD adecuados a la naturaleza de los datos que son objeto de tratamiento en cada momento. No obstante lo anterior, la seguridad t\u00e9cnica en un medio como Internet no es inexpugnable y pueden existir actuaciones dolosas de terceros, si bien Evolutio CI pone todos los medios a su alcance para evitar dichas actuaciones.<\/p>\n<p><strong>MENORES<\/strong><\/p>\n<p>Los menores de edad no podr\u00e1n usar los servicios disponibles a trav\u00e9s de la Web sin la previa autorizaci\u00f3n de sus padres, tutores o representantes legales, quienes ser\u00e1n los \u00fanicos responsables de todos los actos realizados a trav\u00e9s de la Web por los menores a su cargo, incluyendo la cumplimentaci\u00f3n de los formularios con los datos personales de dichos menores y la marcaci\u00f3n, en su caso, de las casillas que los acompa\u00f1an.<\/p>\n<p>[\/et_pb_text][\/et_pb_column][\/et_pb_row][\/et_pb_section]<\/p>\n","protected":false},"excerpt":{"rendered":"<p>IDENTIFICACI\u00d3N Y DATOS DE CONTACTO DEL RESPONSABLE Evolutio Capital Investment, S.L. sociedad domiciliada en la Calle Azofra, 28050 de Madrid, con CIF B 88341797, (en adelante, \u201cEvolutio CI\u201d o la \u201cSociedad\u201d) es la responsable del tratamiento de sus datos personales. En la presente pol\u00edtica de privacidad se facilita la informaci\u00f3n sobre el uso que realizar\u00e1 [&hellip;]<\/p>\n","protected":false},"author":1,"featured_media":0,"parent":0,"menu_order":0,"comment_status":"closed","ping_status":"closed","template":"","meta":{"_et_pb_use_builder":"on","_et_pb_old_content":"","_et_gb_content_width":"","om_disable_all_campaigns":false,"_monsterinsights_skip_tracking":false,"_monsterinsights_sitenote_active":false,"_monsterinsights_sitenote_note":"","_monsterinsights_sitenote_category":0,"footnotes":""},"class_list":["post-466","page","type-page","status-publish","hentry"],"aioseo_notices":[],"_links":{"self":[{"href":"https:\/\/evolutio-ci.com\/index.php\/wp-json\/wp\/v2\/pages\/466","targetHints":{"allow":["GET"]}}],"collection":[{"href":"https:\/\/evolutio-ci.com\/index.php\/wp-json\/wp\/v2\/pages"}],"about":[{"href":"https:\/\/evolutio-ci.com\/index.php\/wp-json\/wp\/v2\/types\/page"}],"author":[{"embeddable":true,"href":"https:\/\/evolutio-ci.com\/index.php\/wp-json\/wp\/v2\/users\/1"}],"replies":[{"embeddable":true,"href":"https:\/\/evolutio-ci.com\/index.php\/wp-json\/wp\/v2\/comments?post=466"}],"version-history":[{"count":3,"href":"https:\/\/evolutio-ci.com\/index.php\/wp-json\/wp\/v2\/pages\/466\/revisions"}],"predecessor-version":[{"id":799,"href":"https:\/\/evolutio-ci.com\/index.php\/wp-json\/wp\/v2\/pages\/466\/revisions\/799"}],"wp:attachment":[{"href":"https:\/\/evolutio-ci.com\/index.php\/wp-json\/wp\/v2\/media?parent=466"}],"curies":[{"name":"wp","href":"https:\/\/api.w.org\/{rel}","templated":true}]}}