{"id":433,"date":"2022-08-03T15:29:00","date_gmt":"2022-08-03T15:29:00","guid":{"rendered":"https:\/\/evolutio-ci.com\/?page_id=433"},"modified":"2025-03-06T20:41:40","modified_gmt":"2025-03-06T20:41:40","slug":"nota-del-socio-director","status":"publish","type":"page","link":"https:\/\/evolutio-ci.com\/index.php\/nota-del-socio-director\/","title":{"rendered":"Nota del socio director"},"content":{"rendered":"<p>[et_pb_section fb_built=\u00bb1&#8243; admin_label=\u00bbNota del socio director\u00bb _builder_version=\u00bb4.17.3&#8243; _module_preset=\u00bbdefault\u00bb use_background_color_gradient=\u00bbon\u00bb background_color_gradient_stops=\u00bbrgba(15,17,84,0) 62%|#b3b3b3 97%\u00bb background_color_gradient_overlays_image=\u00bbon\u00bb background_image=\u00bbhttp:\/\/evolutio-ci.com\/wp-content\/uploads\/2022\/05\/financial-advisor-07.jpg\u00bb custom_padding=\u00bb10%||||false|false\u00bb locked=\u00bboff\u00bb collapsed=\u00bboff\u00bb global_colors_info=\u00bb{}\u00bb][et_pb_row _builder_version=\u00bb4.16.0&#8243; _module_preset=\u00bbdefault\u00bb global_colors_info=\u00bb{}\u00bb][et_pb_column type=\u00bb4_4&#8243; _builder_version=\u00bb4.16.0&#8243; _module_preset=\u00bbdefault\u00bb global_colors_info=\u00bb{}\u00bb][et_pb_text admin_label=\u00bbEvolutio capital\u00bb _builder_version=\u00bb4.17.3&#8243; _module_preset=\u00bbdefault\u00bb header_font=\u00bbMontserrat|700|||||||\u00bb header_text_color=\u00bb#FFFFFF\u00bb header_font_size=\u00bb125px\u00bb header_line_height=\u00bb110%\u00bb text_font_size_tablet=\u00bb\u00bb text_font_size_phone=\u00bb14px\u00bb text_font_size_last_edited=\u00bbon|phone\u00bb header_font_size_tablet=\u00bb40px\u00bb header_font_size_phone=\u00bb24px\u00bb header_font_size_last_edited=\u00bbon|tablet\u00bb header_2_font_size_tablet=\u00bb30px\u00bb header_2_font_size_phone=\u00bb20px\u00bb header_2_font_size_last_edited=\u00bboff|desktop\u00bb global_colors_info=\u00bb{}\u00bb]<\/p>\n<h2 style=\"text-align: left;\"><span style=\"color: #ffffff;\"><strong>evolutio capital investment<\/strong><\/span><\/h2>\n<p>[\/et_pb_text][\/et_pb_column][\/et_pb_row][et_pb_row _builder_version=\u00bb4.16.0&#8243; _module_preset=\u00bbdefault\u00bb global_colors_info=\u00bb{}\u00bb][et_pb_column type=\u00bb4_4&#8243; _builder_version=\u00bb4.16.0&#8243; _module_preset=\u00bbdefault\u00bb global_colors_info=\u00bb{}\u00bb][et_pb_text admin_label=\u00bbTexto inicial\u00bb _builder_version=\u00bb4.17.3&#8243; _module_preset=\u00bbdefault\u00bb header_font=\u00bbMontserrat|700|||||||\u00bb header_text_color=\u00bb#FFFFFF\u00bb header_font_size=\u00bb125px\u00bb header_line_height=\u00bb110%\u00bb text_font_size_tablet=\u00bb\u00bb text_font_size_phone=\u00bb14px\u00bb text_font_size_last_edited=\u00bbon|phone\u00bb header_font_size_tablet=\u00bb40px\u00bb header_font_size_phone=\u00bb24px\u00bb header_font_size_last_edited=\u00bbon|tablet\u00bb header_2_font_size_tablet=\u00bb30px\u00bb header_2_font_size_phone=\u00bb20px\u00bb header_2_font_size_last_edited=\u00bboff|desktop\u00bb global_colors_info=\u00bb{}\u00bb]<\/p>\n<h5 style=\"text-align: justify;\"><strong><span style=\"color: #ffffff;\">Nota del socio director<\/span><\/strong><\/h5>\n<p style=\"text-align: justify;\"><strong><span style=\"color: #ffffff;\"><\/span><\/strong><\/p>\n<p style=\"text-align: left;\"><span style=\"color: #ffffff;\">Despu\u00e9s de una dilatada formaci\u00f3n laboral y acad\u00e9mica en finanzas, m\u00e1s en concreto, en los mercados financieros, y en puestos de responsabilidad en entidades de prestigio, muy ligadas al cliente\/inversor se crea y afianza a\u00f1o tras a\u00f1o evolutio.<\/span><\/p>\n<p style=\"text-align: left;\"><span style=\"color: #ffffff;\"><strong>Una experiencia de mas de 20 a\u00f1os<\/strong>, d\u00eda a d\u00eda, con el cliente ha permitido conocer las diferentes clases de inversores y sus necesidades. Identificando claramente que no hay perfiles preestrablecidos, sino que <strong>al igual que cada persona es diferente, tambi\u00e9n cada inversor es diferente y el asesor financiero debe de adaptarse<\/strong>.\u00a0<strong>As\u00ed,<\/strong>\u00a0<strong>el modelo de evolutio se centra en dar un trato totalmente personalizado a cada inversor.<\/strong>\u00a0Traduci\u00e9ndose en una relaci\u00f3n m\u00e1s fluida y eficaz. No creyendo en perfiles estandarizados, ni en fondos perfilados creados para poder manejar a un sin fin de inversores con los menores medios posibles.<\/span><\/p>\n<p style=\"text-align: left;\"><span style=\"color: #ffffff;\">Un an\u00e1lisis independiente, libre de ruidos, y una relaci\u00f3n codo con codo con el cliente es el modelo de servicio de evolutio. Indicando cuando se crea oportuno los cambios en cartera.<\/span><\/p>\n<p style=\"text-align: left;\"><span style=\"color: #ffffff;\">La experiencia lleva a las carteras a una orientaci\u00f3n a medio plazo, desechando el rabioso corto plazo, dado que no se establece el an\u00e1lisis t\u00e9cnico como prioritario -sino secundario y como confirmador de tendencias- ni se tiene informaci\u00f3n suficiente para adivinar los sucesos de ma\u00f1ana y menos los de horas.<\/span><\/p>\n<p style=\"text-align: left;\"><span style=\"color: #ffffff;\">Desde el punto de vista de evolutio es necesario evitar el retocar las carteras a golpe de noticia. Es necesario interpretar la volatilidad de los mercados y no caer en ir detr\u00e1s\u00a0 de estos, dado que estar\u00edamos incurriendo en costes de oportunidad y lastrando el comportamiento de los porfolios.<\/span><\/p>\n<p><span style=\"color: #ffffff;\"><\/span><\/p>\n<p><span style=\"color: #ffffff;\">pablo de vicente<\/span><\/p>\n<p>[\/et_pb_text][et_pb_button button_url=\u00bbhttps:\/\/www.linkedin.com\/in\/pablo-de-vicente-hern%C3%A1ndez-58207115\/\u00bb url_new_window=\u00bbon\u00bb button_text=\u00bblinkedIn\u00bb admin_label=\u00bbBot\u00f3n linkedin\u00bb _builder_version=\u00bb4.17.3&#8243; _module_preset=\u00bbdefault\u00bb custom_button=\u00bbon\u00bb button_text_size=\u00bb12px\u00bb button_text_color=\u00bb#FFFFFF\u00bb button_bg_color=\u00bb#1D4EFF\u00bb button_border_width=\u00bb0px\u00bb button_border_radius=\u00bb0px\u00bb button_font=\u00bbRoboto|500|||||||\u00bb button_use_icon=\u00bboff\u00bb custom_padding=\u00bb14px|24px|14px|24px|true|true\u00bb button_text_size_tablet=\u00bb\u00bb button_text_size_phone=\u00bb9px\u00bb button_text_size_last_edited=\u00bbon|phone\u00bb global_colors_info=\u00bb{}\u00bb][\/et_pb_button][\/et_pb_column][\/et_pb_row][\/et_pb_section]<\/p>\n","protected":false},"excerpt":{"rendered":"<p>evolutio capital investmentNota del socio director Despu\u00e9s de una dilatada formaci\u00f3n laboral y acad\u00e9mica en finanzas, m\u00e1s en concreto, en los mercados financieros, y en puestos de responsabilidad en entidades de prestigio, muy ligadas al cliente\/inversor se crea y afianza a\u00f1o tras a\u00f1o evolutio. Una experiencia de mas de 20 a\u00f1os, d\u00eda a d\u00eda, con [&hellip;]<\/p>\n","protected":false},"author":1,"featured_media":0,"parent":0,"menu_order":0,"comment_status":"closed","ping_status":"closed","template":"","meta":{"_et_pb_use_builder":"on","_et_pb_old_content":"","_et_gb_content_width":"","om_disable_all_campaigns":false,"_monsterinsights_skip_tracking":false,"_monsterinsights_sitenote_active":false,"_monsterinsights_sitenote_note":"","_monsterinsights_sitenote_category":0,"footnotes":""},"class_list":["post-433","page","type-page","status-publish","hentry"],"aioseo_notices":[],"_links":{"self":[{"href":"https:\/\/evolutio-ci.com\/index.php\/wp-json\/wp\/v2\/pages\/433","targetHints":{"allow":["GET"]}}],"collection":[{"href":"https:\/\/evolutio-ci.com\/index.php\/wp-json\/wp\/v2\/pages"}],"about":[{"href":"https:\/\/evolutio-ci.com\/index.php\/wp-json\/wp\/v2\/types\/page"}],"author":[{"embeddable":true,"href":"https:\/\/evolutio-ci.com\/index.php\/wp-json\/wp\/v2\/users\/1"}],"replies":[{"embeddable":true,"href":"https:\/\/evolutio-ci.com\/index.php\/wp-json\/wp\/v2\/comments?post=433"}],"version-history":[{"count":27,"href":"https:\/\/evolutio-ci.com\/index.php\/wp-json\/wp\/v2\/pages\/433\/revisions"}],"predecessor-version":[{"id":1209,"href":"https:\/\/evolutio-ci.com\/index.php\/wp-json\/wp\/v2\/pages\/433\/revisions\/1209"}],"wp:attachment":[{"href":"https:\/\/evolutio-ci.com\/index.php\/wp-json\/wp\/v2\/media?parent=433"}],"curies":[{"name":"wp","href":"https:\/\/api.w.org\/{rel}","templated":true}]}}